{"id":3,"date":"2020-12-10T13:41:17","date_gmt":"2020-12-10T12:41:17","guid":{"rendered":"https:\/\/www.rossispa.it\/shop\/?page_id=3"},"modified":"2021-02-24T12:14:11","modified_gmt":"2021-02-24T11:14:11","slug":"termini-e-condizioni","status":"publish","type":"page","link":"https:\/\/www.rossispa.it\/shop\/termini-e-condizioni\/","title":{"rendered":"Termini e Condizioni"},"content":{"rendered":"<p>[vc_row css_animation=&#8221;&#8221; row_type=&#8221;row&#8221; use_row_as_full_screen_section=&#8221;no&#8221; type=&#8221;full_width&#8221; angled_section=&#8221;no&#8221; text_align=&#8221;left&#8221; background_image_as_pattern=&#8221;without_pattern&#8221;][vc_column][vc_column_text]<\/p>\n<h2>Spedizione<\/h2>\n<p>&nbsp;<\/p>\n<p>La consegna viene generalmente effettuata entro 7 giorni dalla data del Vostro ordine.<br \/>\nL&#8217;azienda non si ritiene responsabile in caso di ritardi dovuti alla consegna della merce oltre la data indicata dal sistema in fase di creazione della spedizione.<\/p>\n<p>Le spese di spedizione comprendono gli oneri di gestione, imballaggio e le spese postali.<br \/>\nI costi di gestione sono fissi:<br \/>\n-per ordini con importo &gt;100 \u20ac &#8211; spedizione gratuita *<br \/>\n-per ordini con importo &lt;100 \u20ac &#8211; spese spedizione \u20ac 9<\/p>\n<ul class=\"ul1\">\n<li class=\"li3\">* Peso massimo consentito: 20 kg<\/li>\n<li class=\"li3\">* Lunghezza massima: 1 metro lineare<\/li>\n<li class=\"li3\">* Lunghezza + giro massimo misurato in un senso che non sia quello della lunghezza: 2 metri\u00b2<\/li>\n<\/ul>\n<p>Ritiro gratis in filiale con la scelta tra le varie filiali : Arezzo \u2013 Perugia \u2013 Narni Scalo \u2013 Viterbo- C.C. di Castello<\/p>\n<p>In caso in cui la merce andasse in giacenza causa assenza del destinatario, \u00e8 cura del cliente recarsi presso il deposito di zona del corriere per ritirare la merce. La merce rester\u00e0 in giacenza presso i relativi depositi per un massimo di 5 giorni lavorativi, dopo di che verr\u00e0 restituita alla nostra sede e l&#8217;ordine annullato. Al cliente, in caso di pagamento anticipato verr\u00e0 rimborsato l&#8217;importo al netto delle spese di giacenza merce.[\/vc_column_text][vc_empty_space][\/vc_column][\/vc_row][vc_row css_animation=&#8221;&#8221; row_type=&#8221;row&#8221; use_row_as_full_screen_section=&#8221;no&#8221; type=&#8221;full_width&#8221; angled_section=&#8221;no&#8221; text_align=&#8221;left&#8221; background_image_as_pattern=&#8221;without_pattern&#8221;][vc_column][vc_column_text]<\/p>\n<h2>Condizioni generali di vendita<\/h2>\n<p>&nbsp;<\/p>\n<ol>\n<li>\u00a0\u00a0\u00a0 Effettuando un ordine sul negozio online, il cliente dichiara di aver preso visione di tutte le indicazioni a lui fornite durante la procedura di acquisto, e di accettare integralmente le condizioni generali e di pagamento di seguito trascritte.<\/li>\n<li>\u00a0\u00a0\u00a0 Viene escluso ogni diritto del cliente a un risarcimento danni o indennizzo, nonch\u00e8 a qualsiasi responsabilit\u00e0 contrattuale o extracontrattuale per danni diretti o indiretti a persone e\/o cose, provocati dalla mancata accettazione, anche parziale, di un ordine. In caso di imprevista indisponibilit\u00e0 della merce e mancata accettazione dell&#8217;ordine, non verr\u00e0 effettuato alcun addebito al cliente.<\/li>\n<\/ol>\n<p><b>Modalit\u00e0 di acquisto<\/b><br \/>\n3. \u00a0La corretta accettazione dell&#8217;ordine \u00e8 confermata dal sistema mediante contatto telefonico o risposta a via email, inviata all&#8217;indirizzo di posta comunicato dal cliente. Tale messaggio di conferma riporter\u00e0 Data e Ora dell&#8217;ordine, e un &#8220;Numero D&#8217;Ordine&#8221;. Tutti gli ordini, prima di essere evasi, sono inoltrati alla sede centrale a Roma e, successivamente, spediti alla nostra\u00a0sede, da cui partiranno successivamente. Nel caso di prodotti NON PIU&#8217; DISPONIBILI, gli ordini verranno annullati ed effettuati relativi rimborsi.<br \/>\n4. \u00a0E&#8217; responsabilit\u00e0 del cliente registrarsi con i dati corretti e mantenere aggiornati tali dati mediante le credenziali di accesso.<br \/>\n5. \u00a0Le foto presenti sul sito sono PURAMENTE INDICATIVE e non rappresentano il prodotto finale. La ditta si riserva il diritto di non specificare suddetta causale nel momento in cui la foto rappresenta il prodotto venduto[\/vc_column_text][vc_empty_space][\/vc_column][\/vc_row][vc_row css_animation=&#8221;&#8221; row_type=&#8221;row&#8221; use_row_as_full_screen_section=&#8221;no&#8221; type=&#8221;full_width&#8221; angled_section=&#8221;no&#8221; text_align=&#8221;left&#8221; background_image_as_pattern=&#8221;without_pattern&#8221;][vc_column][vc_column_text]<\/p>\n<h2>Modalit\u00e0 di pagamento<\/h2>\n<p>&nbsp;<\/p>\n<ul>\n<li>DSD Pay, un nostro referente ricever\u00e0 l\u2019 ordine e invier\u00e0 un link per il pagamento on-line, una volta verificato il pagamento avverr\u00e0 la spedizione e verr\u00e0 emessa fattura formato PDF<\/li>\n<\/ul>\n<p>Un nuovo metodo di pagamento on-line :<\/p>\n<ul>\n<li>Facile ed intuitivo;<\/li>\n<li>Evita i contatti;<\/li>\n<li>Sicuro, i tuoi dati saranno trattati nel pieno rispetto delle normative sulla privacy<\/li>\n<\/ul>\n<p><b>Valuta<\/b> <b><br \/>\n<\/b>Tutti gli importi visualizzati sul sito sono espressi in Euro, che \u00e8 la valuta di riferimento.[\/vc_column_text][vc_empty_space][\/vc_column][\/vc_row][vc_row css_animation=&#8221;&#8221; row_type=&#8221;row&#8221; use_row_as_full_screen_section=&#8221;no&#8221; type=&#8221;full_width&#8221; angled_section=&#8221;no&#8221; text_align=&#8221;left&#8221; background_image_as_pattern=&#8221;without_pattern&#8221;][vc_column][vc_column_text]<\/p>\n<h2>Diritto di recesso<\/h2>\n<p>&nbsp;<\/p>\n<p>Il diritto di recesso \u00e8 sottoposto alle seguenti condizioni:<br \/>\n&#8211; Il diritto si applica al prodotto acquistato nella sua interezza. Non \u00e8 possibile esercitare recesso solamente su parte del prodotto acquistato<br \/>\n&#8211; Il bene acquistato dovr\u00e0 essere integro e restituito nella confezione originale, completa in tutte le sue parti (compreso imballo ed eventuale documentazione e dotazione accessoria). Per limitare danneggiamenti nella confezione originale raccomandiamo, quando possibile, di inserirla in una seconda confezione. Va evitata in tutti i casi l&#8217;apposizione di etichette o nastri adesivi direttamente sulla confezione originale del prodotto.<br \/>\n&#8211; A norma di legge, le spese di spedizione relative alla restituzione del bene sono a carico del cliente e comprese nel totale da pagare.<br \/>\n&#8211; La spedizione, fino all&#8217;attestato di avvenuto ricevimento nel nostro magazzino, \u00e8 sotto la completa responsabilit\u00e0 del cliente.<br \/>\n&#8211; In caso di danneggiamento del bene durante il trasporto, verr\u00e0 data comunicazione al cliente dell&#8217; accaduto (entro 5 giorni del ricevimento del bene nei propri magazzini), per consentirgli di sporgere tempestivamente denuncia nei confronti del corriere e ottenere il rimborso del valore del bene (se assicurato). In questa eventualit\u00e0, il prodotto sar\u00e0 messo a disposizione del cliente per la sua restituzione, contemporaneamente annullando la richiesta di recesso.<br \/>\n&#8211; Rossi S.r.l. non risponde in nessun modo per danneggiamenti o furto\/smarrimento di beni restituiti con spedizioni non assicurate.<br \/>\n. Fatto salve eventuali spese di ripristino per danni accertati all&#8217;imballo originale, Rossi S.r.l. provveder\u00e0 a rimborsare al cliente l&#8217;intero importo gi\u00e0 pagato, al netto delle spese di spedizione sostenute, entro 14 giorni dal rientro della merce.<br \/>\n. Il diritto di recesso decade totalmente, per mancanza della condizione essenziale di integrit\u00e0 del bene, nel caso in cui si accerti:<\/p>\n<p>&#8211; La mancanza della confezione esterna e\/o imballo intero originale<br \/>\n&#8211; L&#8217; assenza di elementi integranti del prodotto<br \/>\n&#8211; Il cliente vuole restituire il prodotto causa suo errato acquisto<br \/>\n&#8211; Il danneggiamento del prodotto per cause diverse dal suo trasporto.[\/vc_column_text][vc_empty_space][\/vc_column][\/vc_row][vc_row css_animation=&#8221;&#8221; row_type=&#8221;row&#8221; use_row_as_full_screen_section=&#8221;no&#8221; type=&#8221;full_width&#8221; angled_section=&#8221;no&#8221; text_align=&#8221;left&#8221; background_image_as_pattern=&#8221;without_pattern&#8221;][vc_column][vc_column_text]<\/p>\n<h2>Privacy<\/h2>\n<p>&nbsp;<\/p>\n<p>I dati personali richiesti in fase di inoltro dell&#8217;ordine sono raccolti e trattati al fine di soddisfare le espresse richieste del cliente e non verranno in nessun caso e a nessun titolo ceduti a terzi. Rossi Srl garantisce ai propri clienti il rispetto della normativa in materia di trattamento dei dati personali, disciplinata dal codice della privacy di cui al DL 196 del 30.06.03<\/p>\n<p>Titolare del trattamento dati \u00e8 la societ\u00e0\u00a0<b>Rossi Srl <\/b>\u00a0con sede legale in Via G.Dottori, 60, Loc. San Sisto 06132 \u2013 PG (Italia) (Partita IVA 03316760549), telefono 075\/5283711 \u2013 Mail: <a href=\"mailto:privacy@rossispa.it\"><span class=\"s6\">privacy@rossispa.it<\/span><\/a>\u00a0\u00e8 il Titolare del trattamento.[\/vc_column_text][vc_empty_space][\/vc_column][\/vc_row]<\/p>\n","protected":false},"excerpt":{"rendered":"<p>[vc_row css_animation=&#8221;&#8221; row_type=&#8221;row&#8221; use_row_as_full_screen_section=&#8221;no&#8221; type=&#8221;full_width&#8221; angled_section=&#8221;no&#8221; text_align=&#8221;left&#8221; background_image_as_pattern=&#8221;without_pattern&#8221;][vc_column][vc_column_text] Spedizione &nbsp; La consegna viene generalmente effettuata entro 7 giorni dalla data del Vostro ordine. L&#8217;azienda non si ritiene responsabile in caso di ritardi dovuti alla consegna della merce oltre la data indicata dal sistema in fase&#8230;<\/p>\n","protected":false},"author":1,"featured_media":0,"parent":0,"menu_order":0,"comment_status":"closed","ping_status":"open","template":"","meta":[],"yoast_head":"<!-- This site is optimized with the Yoast SEO plugin v20.8 - https:\/\/yoast.com\/wordpress\/plugins\/seo\/ -->\n<title>Termini e Condizioni - Rossi Shop<\/title>\n<meta name=\"robots\" content=\"index, follow, max-snippet:-1, max-image-preview:large, max-video-preview:-1\" \/>\n<link rel=\"canonical\" href=\"https:\/\/www.rossispa.it\/shop\/termini-e-condizioni\/\" \/>\n<meta property=\"og:locale\" content=\"it_IT\" \/>\n<meta property=\"og:type\" content=\"article\" \/>\n<meta property=\"og:title\" content=\"Termini e Condizioni - Rossi Shop\" \/>\n<meta property=\"og:description\" content=\"[vc_row css_animation=&#8221;&#8221; row_type=&#8221;row&#8221; use_row_as_full_screen_section=&#8221;no&#8221; type=&#8221;full_width&#8221; angled_section=&#8221;no&#8221; text_align=&#8221;left&#8221; background_image_as_pattern=&#8221;without_pattern&#8221;][vc_column][vc_column_text] Spedizione &nbsp; La consegna viene generalmente effettuata entro 7 giorni dalla data del Vostro ordine. L&#8217;azienda non si ritiene responsabile in caso di ritardi dovuti alla consegna della merce oltre la data indicata dal sistema in fase...\" \/>\n<meta property=\"og:url\" content=\"https:\/\/www.rossispa.it\/shop\/termini-e-condizioni\/\" \/>\n<meta property=\"og:site_name\" content=\"Rossi Shop\" \/>\n<meta property=\"article:modified_time\" content=\"2021-02-24T11:14:11+00:00\" \/>\n<meta name=\"twitter:card\" content=\"summary_large_image\" \/>\n<meta name=\"twitter:label1\" content=\"Tempo di lettura stimato\" \/>\n\t<meta name=\"twitter:data1\" content=\"6 minuti\" \/>\n<script type=\"application\/ld+json\" class=\"yoast-schema-graph\">{\"@context\":\"https:\/\/schema.org\",\"@graph\":[{\"@type\":\"WebPage\",\"@id\":\"https:\/\/www.rossispa.it\/shop\/termini-e-condizioni\/\",\"url\":\"https:\/\/www.rossispa.it\/shop\/termini-e-condizioni\/\",\"name\":\"Termini e Condizioni - Rossi Shop\",\"isPartOf\":{\"@id\":\"https:\/\/www.rossispa.it\/shop\/#website\"},\"datePublished\":\"2020-12-10T12:41:17+00:00\",\"dateModified\":\"2021-02-24T11:14:11+00:00\",\"breadcrumb\":{\"@id\":\"https:\/\/www.rossispa.it\/shop\/termini-e-condizioni\/#breadcrumb\"},\"inLanguage\":\"it-IT\",\"potentialAction\":[{\"@type\":\"ReadAction\",\"target\":[\"https:\/\/www.rossispa.it\/shop\/termini-e-condizioni\/\"]}]},{\"@type\":\"BreadcrumbList\",\"@id\":\"https:\/\/www.rossispa.it\/shop\/termini-e-condizioni\/#breadcrumb\",\"itemListElement\":[{\"@type\":\"ListItem\",\"position\":1,\"name\":\"Home\",\"item\":\"https:\/\/www.rossispa.it\/shop\/\"},{\"@type\":\"ListItem\",\"position\":2,\"name\":\"Termini e Condizioni\"}]},{\"@type\":\"WebSite\",\"@id\":\"https:\/\/www.rossispa.it\/shop\/#website\",\"url\":\"https:\/\/www.rossispa.it\/shop\/\",\"name\":\"Rossi Shop\",\"description\":\"Shop | AMG \",\"potentialAction\":[{\"@type\":\"SearchAction\",\"target\":{\"@type\":\"EntryPoint\",\"urlTemplate\":\"https:\/\/www.rossispa.it\/shop\/?s={search_term_string}\"},\"query-input\":\"required name=search_term_string\"}],\"inLanguage\":\"it-IT\"}]}<\/script>\n<!-- \/ Yoast SEO plugin. -->","yoast_head_json":{"title":"Termini e Condizioni - Rossi Shop","robots":{"index":"index","follow":"follow","max-snippet":"max-snippet:-1","max-image-preview":"max-image-preview:large","max-video-preview":"max-video-preview:-1"},"canonical":"https:\/\/www.rossispa.it\/shop\/termini-e-condizioni\/","og_locale":"it_IT","og_type":"article","og_title":"Termini e Condizioni - Rossi Shop","og_description":"[vc_row css_animation=&#8221;&#8221; row_type=&#8221;row&#8221; use_row_as_full_screen_section=&#8221;no&#8221; type=&#8221;full_width&#8221; angled_section=&#8221;no&#8221; text_align=&#8221;left&#8221; background_image_as_pattern=&#8221;without_pattern&#8221;][vc_column][vc_column_text] Spedizione &nbsp; La consegna viene generalmente effettuata entro 7 giorni dalla data del Vostro ordine. L&#8217;azienda non si ritiene responsabile in caso di ritardi dovuti alla consegna della merce oltre la data indicata dal sistema in fase...","og_url":"https:\/\/www.rossispa.it\/shop\/termini-e-condizioni\/","og_site_name":"Rossi Shop","article_modified_time":"2021-02-24T11:14:11+00:00","twitter_card":"summary_large_image","twitter_misc":{"Tempo di lettura stimato":"6 minuti"},"schema":{"@context":"https:\/\/schema.org","@graph":[{"@type":"WebPage","@id":"https:\/\/www.rossispa.it\/shop\/termini-e-condizioni\/","url":"https:\/\/www.rossispa.it\/shop\/termini-e-condizioni\/","name":"Termini e Condizioni - Rossi Shop","isPartOf":{"@id":"https:\/\/www.rossispa.it\/shop\/#website"},"datePublished":"2020-12-10T12:41:17+00:00","dateModified":"2021-02-24T11:14:11+00:00","breadcrumb":{"@id":"https:\/\/www.rossispa.it\/shop\/termini-e-condizioni\/#breadcrumb"},"inLanguage":"it-IT","potentialAction":[{"@type":"ReadAction","target":["https:\/\/www.rossispa.it\/shop\/termini-e-condizioni\/"]}]},{"@type":"BreadcrumbList","@id":"https:\/\/www.rossispa.it\/shop\/termini-e-condizioni\/#breadcrumb","itemListElement":[{"@type":"ListItem","position":1,"name":"Home","item":"https:\/\/www.rossispa.it\/shop\/"},{"@type":"ListItem","position":2,"name":"Termini e Condizioni"}]},{"@type":"WebSite","@id":"https:\/\/www.rossispa.it\/shop\/#website","url":"https:\/\/www.rossispa.it\/shop\/","name":"Rossi Shop","description":"Shop | AMG ","potentialAction":[{"@type":"SearchAction","target":{"@type":"EntryPoint","urlTemplate":"https:\/\/www.rossispa.it\/shop\/?s={search_term_string}"},"query-input":"required name=search_term_string"}],"inLanguage":"it-IT"}]}},"_links":{"self":[{"href":"https:\/\/www.rossispa.it\/shop\/wp-json\/wp\/v2\/pages\/3"}],"collection":[{"href":"https:\/\/www.rossispa.it\/shop\/wp-json\/wp\/v2\/pages"}],"about":[{"href":"https:\/\/www.rossispa.it\/shop\/wp-json\/wp\/v2\/types\/page"}],"author":[{"embeddable":true,"href":"https:\/\/www.rossispa.it\/shop\/wp-json\/wp\/v2\/users\/1"}],"replies":[{"embeddable":true,"href":"https:\/\/www.rossispa.it\/shop\/wp-json\/wp\/v2\/comments?post=3"}],"version-history":[{"count":13,"href":"https:\/\/www.rossispa.it\/shop\/wp-json\/wp\/v2\/pages\/3\/revisions"}],"predecessor-version":[{"id":1234032,"href":"https:\/\/www.rossispa.it\/shop\/wp-json\/wp\/v2\/pages\/3\/revisions\/1234032"}],"wp:attachment":[{"href":"https:\/\/www.rossispa.it\/shop\/wp-json\/wp\/v2\/media?parent=3"}],"curies":[{"name":"wp","href":"https:\/\/api.w.org\/{rel}","templated":true}]}}