{"id":1234640,"date":"2023-12-01T12:00:39","date_gmt":"2023-12-01T11:00:39","guid":{"rendered":"https:\/\/www.rossispa.it\/shop\/?post_type=product&#038;p=1234640"},"modified":"2024-02-22T12:29:55","modified_gmt":"2024-02-22T11:29:55","slug":"donna-in-rosso-set-edp","status":"publish","type":"product","link":"https:\/\/www.rossispa.it\/shop\/prodotto\/donna-in-rosso-set-edp\/","title":{"rendered":"Donna in rosso, Set, EdP"},"content":{"rendered":"<p>La nuova Star Eau de Parfum<br \/>\nMercedes-Benz Woman In Red, la nuova fragranza della gamma Mercedes-Benz Woman, \u00e8 pi\u00f9 glamour che mai. Intensa, indulgente e decisamente sensuale, \u00e8 la fragranza Star per le donne pi\u00f9 audaci.<br \/>\nQuesta nuova fragranza incarna l&#8217;essenza della femminilit\u00e0. Sottolinea l&#8217;unicit\u00e0 e il fascino di chi lo indossa. Forte e sicura di s\u00e9, la donna che la sceglie ha qualcosa di ipnotico e luminoso. Come una star di Hollywood.<br \/>\nIn questa creazione di Honorine Blanc sono al centro le note floreali, legnose e orientali. Il suo bouquet combina il gelsomino arabo con la gardenia, oltre a mandarino, pera, fiori di ciliegio, pistacchio, fava tonka, benzoino, patchouli e legno di sandalo. \u00c8 una fragranza sensuale ed elegante con un profumo inedito e indimenticabile.<br \/>\nIl profumo del desiderio in un flacone ultrabrillante. Come le labbra rosso passione, risponde al nome di questo nettare divino: Woman in Red. Al centro l&#8217;iconica stella, un simbolo di perfezione.<\/p>\n","protected":false},"excerpt":{"rendered":"<p><strong>Contenuto:<\/strong> Woman in Red EdP 90 ml, Body Lotion 100 ml in una confezione regalo rossa<\/p>\n","protected":false},"featured_media":1234641,"comment_status":"open","ping_status":"closed","template":"","meta":[],"product_cat":[94],"product_tag":[],"yoast_head":"<!-- This site is optimized with the Yoast SEO plugin v20.8 - https:\/\/yoast.com\/wordpress\/plugins\/seo\/ -->\n<title>Donna in rosso, Set, EdP - Rossi Shop<\/title>\n<meta name=\"robots\" content=\"index, follow, max-snippet:-1, max-image-preview:large, max-video-preview:-1\" \/>\n<link rel=\"canonical\" href=\"https:\/\/www.rossispa.it\/shop\/prodotto\/donna-in-rosso-set-edp\/\" \/>\n<meta property=\"og:locale\" content=\"it_IT\" \/>\n<meta property=\"og:type\" content=\"article\" \/>\n<meta property=\"og:title\" content=\"Donna in rosso, Set, EdP - Rossi Shop\" \/>\n<meta property=\"og:description\" content=\"Contenuto: Woman in Red EdP 90 ml, Body Lotion 100 ml in una confezione regalo rossa\" \/>\n<meta property=\"og:url\" content=\"https:\/\/www.rossispa.it\/shop\/prodotto\/donna-in-rosso-set-edp\/\" \/>\n<meta property=\"og:site_name\" content=\"Rossi Shop\" \/>\n<meta property=\"article:modified_time\" content=\"2024-02-22T11:29:55+00:00\" \/>\n<meta property=\"og:image\" content=\"https:\/\/www.rossispa.it\/shop\/wp-content\/uploads\/2023\/12\/B66959770.jpg\" \/>\n\t<meta property=\"og:image:width\" content=\"800\" \/>\n\t<meta property=\"og:image:height\" content=\"800\" \/>\n\t<meta property=\"og:image:type\" content=\"image\/jpeg\" \/>\n<meta name=\"twitter:card\" content=\"summary_large_image\" \/>\n<meta name=\"twitter:label1\" content=\"Tempo di lettura stimato\" \/>\n\t<meta name=\"twitter:data1\" content=\"1 minuto\" \/>\n<script type=\"application\/ld+json\" class=\"yoast-schema-graph\">{\"@context\":\"https:\/\/schema.org\",\"@graph\":[{\"@type\":\"WebPage\",\"@id\":\"https:\/\/www.rossispa.it\/shop\/prodotto\/donna-in-rosso-set-edp\/\",\"url\":\"https:\/\/www.rossispa.it\/shop\/prodotto\/donna-in-rosso-set-edp\/\",\"name\":\"Donna in rosso, Set, EdP - Rossi Shop\",\"isPartOf\":{\"@id\":\"https:\/\/www.rossispa.it\/shop\/#website\"},\"datePublished\":\"2023-12-01T11:00:39+00:00\",\"dateModified\":\"2024-02-22T11:29:55+00:00\",\"breadcrumb\":{\"@id\":\"https:\/\/www.rossispa.it\/shop\/prodotto\/donna-in-rosso-set-edp\/#breadcrumb\"},\"inLanguage\":\"it-IT\",\"potentialAction\":[{\"@type\":\"ReadAction\",\"target\":[\"https:\/\/www.rossispa.it\/shop\/prodotto\/donna-in-rosso-set-edp\/\"]}]},{\"@type\":\"BreadcrumbList\",\"@id\":\"https:\/\/www.rossispa.it\/shop\/prodotto\/donna-in-rosso-set-edp\/#breadcrumb\",\"itemListElement\":[{\"@type\":\"ListItem\",\"position\":1,\"name\":\"Home\",\"item\":\"https:\/\/www.rossispa.it\/shop\/\"},{\"@type\":\"ListItem\",\"position\":2,\"name\":\"Shop\",\"item\":\"https:\/\/www.rossispa.it\/shop\/shop\/\"},{\"@type\":\"ListItem\",\"position\":3,\"name\":\"Donna in rosso, Set, EdP\"}]},{\"@type\":\"WebSite\",\"@id\":\"https:\/\/www.rossispa.it\/shop\/#website\",\"url\":\"https:\/\/www.rossispa.it\/shop\/\",\"name\":\"Rossi Shop\",\"description\":\"Shop | AMG \",\"potentialAction\":[{\"@type\":\"SearchAction\",\"target\":{\"@type\":\"EntryPoint\",\"urlTemplate\":\"https:\/\/www.rossispa.it\/shop\/?s={search_term_string}\"},\"query-input\":\"required name=search_term_string\"}],\"inLanguage\":\"it-IT\"}]}<\/script>\n<!-- \/ Yoast SEO plugin. -->","yoast_head_json":{"title":"Donna in rosso, Set, EdP - Rossi Shop","robots":{"index":"index","follow":"follow","max-snippet":"max-snippet:-1","max-image-preview":"max-image-preview:large","max-video-preview":"max-video-preview:-1"},"canonical":"https:\/\/www.rossispa.it\/shop\/prodotto\/donna-in-rosso-set-edp\/","og_locale":"it_IT","og_type":"article","og_title":"Donna in rosso, Set, EdP - Rossi Shop","og_description":"Contenuto: Woman in Red EdP 90 ml, Body Lotion 100 ml in una confezione regalo rossa","og_url":"https:\/\/www.rossispa.it\/shop\/prodotto\/donna-in-rosso-set-edp\/","og_site_name":"Rossi Shop","article_modified_time":"2024-02-22T11:29:55+00:00","og_image":[{"width":800,"height":800,"url":"https:\/\/www.rossispa.it\/shop\/wp-content\/uploads\/2023\/12\/B66959770.jpg","type":"image\/jpeg"}],"twitter_card":"summary_large_image","twitter_misc":{"Tempo di lettura stimato":"1 minuto"},"schema":{"@context":"https:\/\/schema.org","@graph":[{"@type":"WebPage","@id":"https:\/\/www.rossispa.it\/shop\/prodotto\/donna-in-rosso-set-edp\/","url":"https:\/\/www.rossispa.it\/shop\/prodotto\/donna-in-rosso-set-edp\/","name":"Donna in rosso, Set, EdP - Rossi Shop","isPartOf":{"@id":"https:\/\/www.rossispa.it\/shop\/#website"},"datePublished":"2023-12-01T11:00:39+00:00","dateModified":"2024-02-22T11:29:55+00:00","breadcrumb":{"@id":"https:\/\/www.rossispa.it\/shop\/prodotto\/donna-in-rosso-set-edp\/#breadcrumb"},"inLanguage":"it-IT","potentialAction":[{"@type":"ReadAction","target":["https:\/\/www.rossispa.it\/shop\/prodotto\/donna-in-rosso-set-edp\/"]}]},{"@type":"BreadcrumbList","@id":"https:\/\/www.rossispa.it\/shop\/prodotto\/donna-in-rosso-set-edp\/#breadcrumb","itemListElement":[{"@type":"ListItem","position":1,"name":"Home","item":"https:\/\/www.rossispa.it\/shop\/"},{"@type":"ListItem","position":2,"name":"Shop","item":"https:\/\/www.rossispa.it\/shop\/shop\/"},{"@type":"ListItem","position":3,"name":"Donna in rosso, Set, EdP"}]},{"@type":"WebSite","@id":"https:\/\/www.rossispa.it\/shop\/#website","url":"https:\/\/www.rossispa.it\/shop\/","name":"Rossi Shop","description":"Shop | AMG ","potentialAction":[{"@type":"SearchAction","target":{"@type":"EntryPoint","urlTemplate":"https:\/\/www.rossispa.it\/shop\/?s={search_term_string}"},"query-input":"required name=search_term_string"}],"inLanguage":"it-IT"}]}},"_links":{"self":[{"href":"https:\/\/www.rossispa.it\/shop\/wp-json\/wp\/v2\/product\/1234640"}],"collection":[{"href":"https:\/\/www.rossispa.it\/shop\/wp-json\/wp\/v2\/product"}],"about":[{"href":"https:\/\/www.rossispa.it\/shop\/wp-json\/wp\/v2\/types\/product"}],"replies":[{"embeddable":true,"href":"https:\/\/www.rossispa.it\/shop\/wp-json\/wp\/v2\/comments?post=1234640"}],"wp:featuredmedia":[{"embeddable":true,"href":"https:\/\/www.rossispa.it\/shop\/wp-json\/wp\/v2\/media\/1234641"}],"wp:attachment":[{"href":"https:\/\/www.rossispa.it\/shop\/wp-json\/wp\/v2\/media?parent=1234640"}],"wp:term":[{"taxonomy":"product_cat","embeddable":true,"href":"https:\/\/www.rossispa.it\/shop\/wp-json\/wp\/v2\/product_cat?post=1234640"},{"taxonomy":"product_tag","embeddable":true,"href":"https:\/\/www.rossispa.it\/shop\/wp-json\/wp\/v2\/product_tag?post=1234640"}],"curies":[{"name":"wp","href":"https:\/\/api.w.org\/{rel}","templated":true}]}}