{"id":1234642,"date":"2023-12-01T12:07:46","date_gmt":"2023-12-01T11:07:46","guid":{"rendered":"https:\/\/www.rossispa.it\/shop\/?post_type=product&#038;p=1234642"},"modified":"2024-02-22T12:30:06","modified_gmt":"2024-02-22T11:30:06","slug":"set-regalo-land-edp","status":"publish","type":"product","link":"https:\/\/www.rossispa.it\/shop\/prodotto\/set-regalo-land-edp\/","title":{"rendered":"Set regalo Land, EdP"},"content":{"rendered":"<p>Terra, acqua, aria: la nuova trilogia di profumi di Mercedes-Benz si ispira alla forza degli elementi. Mentre LAND simboleggia il calore e la concretezza con la sua tonka terrosa e il coinvolgente guscio di Centro Assistenza Clientiao, SEA evoca le profondit\u00e0 del mare con il suo profumo di alghe e il vivace mandarino. AIR evoca la libert\u00e0 con l&#8217;angelica decadente e gli agrumi rinfrescanti. La base di tutte e tre le fragranze \u00e8 costituita da patchouli floreale e legnoso. Insieme, formano una trilogia iconica in cui tutti e tre gli elementi di base si uniscono per creare un&#8217;esperienza di fragranza senza precedenti. Oltre all&#8217;Eau de Parfum LAND, il set regalo contiene campioni di prodotto delle fragranze SEA e AIR.<br \/>\nUn gel doccia in forma solida e un olio completano il contenuto.<\/p>\n","protected":false},"excerpt":{"rendered":"<p>&#8211; Set regalo<br \/>\n&#8211; Eau de Parfum, gel doccia solido e olio<br \/>\n&#8211; Contenuto del flacone di LAND: circa 100 ml<br \/>\n&#8211; Contenuto del flacone di SEA: circa 1,5 ml<br \/>\n&#8211; Contenuto del flacone di AIR: circa 1,5 ml<br \/>\n&#8211; Contenuto del gel doccia solido: circa 110 g<br \/>\n&#8211; Contenuto dell&#8217;olio: circa 30 ml<\/p>\n","protected":false},"featured_media":1234644,"comment_status":"open","ping_status":"closed","template":"","meta":[],"product_cat":[94],"product_tag":[],"yoast_head":"<!-- This site is optimized with the Yoast SEO plugin v20.8 - https:\/\/yoast.com\/wordpress\/plugins\/seo\/ -->\n<title>Set regalo Land, EdP - Rossi Shop<\/title>\n<meta name=\"robots\" content=\"index, follow, max-snippet:-1, max-image-preview:large, max-video-preview:-1\" \/>\n<link rel=\"canonical\" href=\"https:\/\/www.rossispa.it\/shop\/prodotto\/set-regalo-land-edp\/\" \/>\n<meta property=\"og:locale\" content=\"it_IT\" \/>\n<meta property=\"og:type\" content=\"article\" \/>\n<meta property=\"og:title\" content=\"Set regalo Land, EdP - Rossi Shop\" \/>\n<meta property=\"og:description\" content=\"- Set regalo - Eau de Parfum, gel doccia solido e olio - Contenuto del flacone di LAND: circa 100 ml - Contenuto del flacone di SEA: circa 1,5 ml - Contenuto del flacone di AIR: circa 1,5 ml - Contenuto del gel doccia solido: circa 110 g - Contenuto dell&#039;olio: circa 30 ml\" \/>\n<meta property=\"og:url\" content=\"https:\/\/www.rossispa.it\/shop\/prodotto\/set-regalo-land-edp\/\" \/>\n<meta property=\"og:site_name\" content=\"Rossi Shop\" \/>\n<meta property=\"article:modified_time\" content=\"2024-02-22T11:30:06+00:00\" \/>\n<meta property=\"og:image\" content=\"https:\/\/www.rossispa.it\/shop\/wp-content\/uploads\/2023\/12\/187864.jpg\" \/>\n\t<meta property=\"og:image:width\" content=\"800\" \/>\n\t<meta property=\"og:image:height\" content=\"800\" \/>\n\t<meta property=\"og:image:type\" content=\"image\/jpeg\" \/>\n<meta name=\"twitter:card\" content=\"summary_large_image\" \/>\n<meta name=\"twitter:label1\" content=\"Tempo di lettura stimato\" \/>\n\t<meta name=\"twitter:data1\" content=\"1 minuto\" \/>\n<script type=\"application\/ld+json\" class=\"yoast-schema-graph\">{\"@context\":\"https:\/\/schema.org\",\"@graph\":[{\"@type\":\"WebPage\",\"@id\":\"https:\/\/www.rossispa.it\/shop\/prodotto\/set-regalo-land-edp\/\",\"url\":\"https:\/\/www.rossispa.it\/shop\/prodotto\/set-regalo-land-edp\/\",\"name\":\"Set regalo Land, EdP - Rossi Shop\",\"isPartOf\":{\"@id\":\"https:\/\/www.rossispa.it\/shop\/#website\"},\"datePublished\":\"2023-12-01T11:07:46+00:00\",\"dateModified\":\"2024-02-22T11:30:06+00:00\",\"breadcrumb\":{\"@id\":\"https:\/\/www.rossispa.it\/shop\/prodotto\/set-regalo-land-edp\/#breadcrumb\"},\"inLanguage\":\"it-IT\",\"potentialAction\":[{\"@type\":\"ReadAction\",\"target\":[\"https:\/\/www.rossispa.it\/shop\/prodotto\/set-regalo-land-edp\/\"]}]},{\"@type\":\"BreadcrumbList\",\"@id\":\"https:\/\/www.rossispa.it\/shop\/prodotto\/set-regalo-land-edp\/#breadcrumb\",\"itemListElement\":[{\"@type\":\"ListItem\",\"position\":1,\"name\":\"Home\",\"item\":\"https:\/\/www.rossispa.it\/shop\/\"},{\"@type\":\"ListItem\",\"position\":2,\"name\":\"Shop\",\"item\":\"https:\/\/www.rossispa.it\/shop\/shop\/\"},{\"@type\":\"ListItem\",\"position\":3,\"name\":\"Set regalo Land, EdP\"}]},{\"@type\":\"WebSite\",\"@id\":\"https:\/\/www.rossispa.it\/shop\/#website\",\"url\":\"https:\/\/www.rossispa.it\/shop\/\",\"name\":\"Rossi Shop\",\"description\":\"Shop | AMG \",\"potentialAction\":[{\"@type\":\"SearchAction\",\"target\":{\"@type\":\"EntryPoint\",\"urlTemplate\":\"https:\/\/www.rossispa.it\/shop\/?s={search_term_string}\"},\"query-input\":\"required name=search_term_string\"}],\"inLanguage\":\"it-IT\"}]}<\/script>\n<!-- \/ Yoast SEO plugin. -->","yoast_head_json":{"title":"Set regalo Land, EdP - Rossi Shop","robots":{"index":"index","follow":"follow","max-snippet":"max-snippet:-1","max-image-preview":"max-image-preview:large","max-video-preview":"max-video-preview:-1"},"canonical":"https:\/\/www.rossispa.it\/shop\/prodotto\/set-regalo-land-edp\/","og_locale":"it_IT","og_type":"article","og_title":"Set regalo Land, EdP - Rossi Shop","og_description":"- Set regalo - Eau de Parfum, gel doccia solido e olio - Contenuto del flacone di LAND: circa 100 ml - Contenuto del flacone di SEA: circa 1,5 ml - Contenuto del flacone di AIR: circa 1,5 ml - Contenuto del gel doccia solido: circa 110 g - Contenuto dell'olio: circa 30 ml","og_url":"https:\/\/www.rossispa.it\/shop\/prodotto\/set-regalo-land-edp\/","og_site_name":"Rossi Shop","article_modified_time":"2024-02-22T11:30:06+00:00","og_image":[{"width":800,"height":800,"url":"https:\/\/www.rossispa.it\/shop\/wp-content\/uploads\/2023\/12\/187864.jpg","type":"image\/jpeg"}],"twitter_card":"summary_large_image","twitter_misc":{"Tempo di lettura stimato":"1 minuto"},"schema":{"@context":"https:\/\/schema.org","@graph":[{"@type":"WebPage","@id":"https:\/\/www.rossispa.it\/shop\/prodotto\/set-regalo-land-edp\/","url":"https:\/\/www.rossispa.it\/shop\/prodotto\/set-regalo-land-edp\/","name":"Set regalo Land, EdP - Rossi Shop","isPartOf":{"@id":"https:\/\/www.rossispa.it\/shop\/#website"},"datePublished":"2023-12-01T11:07:46+00:00","dateModified":"2024-02-22T11:30:06+00:00","breadcrumb":{"@id":"https:\/\/www.rossispa.it\/shop\/prodotto\/set-regalo-land-edp\/#breadcrumb"},"inLanguage":"it-IT","potentialAction":[{"@type":"ReadAction","target":["https:\/\/www.rossispa.it\/shop\/prodotto\/set-regalo-land-edp\/"]}]},{"@type":"BreadcrumbList","@id":"https:\/\/www.rossispa.it\/shop\/prodotto\/set-regalo-land-edp\/#breadcrumb","itemListElement":[{"@type":"ListItem","position":1,"name":"Home","item":"https:\/\/www.rossispa.it\/shop\/"},{"@type":"ListItem","position":2,"name":"Shop","item":"https:\/\/www.rossispa.it\/shop\/shop\/"},{"@type":"ListItem","position":3,"name":"Set regalo Land, EdP"}]},{"@type":"WebSite","@id":"https:\/\/www.rossispa.it\/shop\/#website","url":"https:\/\/www.rossispa.it\/shop\/","name":"Rossi Shop","description":"Shop | AMG ","potentialAction":[{"@type":"SearchAction","target":{"@type":"EntryPoint","urlTemplate":"https:\/\/www.rossispa.it\/shop\/?s={search_term_string}"},"query-input":"required name=search_term_string"}],"inLanguage":"it-IT"}]}},"_links":{"self":[{"href":"https:\/\/www.rossispa.it\/shop\/wp-json\/wp\/v2\/product\/1234642"}],"collection":[{"href":"https:\/\/www.rossispa.it\/shop\/wp-json\/wp\/v2\/product"}],"about":[{"href":"https:\/\/www.rossispa.it\/shop\/wp-json\/wp\/v2\/types\/product"}],"replies":[{"embeddable":true,"href":"https:\/\/www.rossispa.it\/shop\/wp-json\/wp\/v2\/comments?post=1234642"}],"wp:featuredmedia":[{"embeddable":true,"href":"https:\/\/www.rossispa.it\/shop\/wp-json\/wp\/v2\/media\/1234644"}],"wp:attachment":[{"href":"https:\/\/www.rossispa.it\/shop\/wp-json\/wp\/v2\/media?parent=1234642"}],"wp:term":[{"taxonomy":"product_cat","embeddable":true,"href":"https:\/\/www.rossispa.it\/shop\/wp-json\/wp\/v2\/product_cat?post=1234642"},{"taxonomy":"product_tag","embeddable":true,"href":"https:\/\/www.rossispa.it\/shop\/wp-json\/wp\/v2\/product_tag?post=1234642"}],"curies":[{"name":"wp","href":"https:\/\/api.w.org\/{rel}","templated":true}]}}