{"id":1234700,"date":"2024-01-25T09:53:29","date_gmt":"2024-01-25T08:53:29","guid":{"rendered":"https:\/\/www.rossispa.it\/shop\/?post_type=product&#038;p=1234700"},"modified":"2024-02-15T09:34:12","modified_gmt":"2024-02-15T08:34:12","slug":"zaino-ecopelle-uomo","status":"publish","type":"product","link":"https:\/\/www.rossispa.it\/shop\/prodotto\/zaino-ecopelle-uomo\/","title":{"rendered":"Zaino ecopelle uomo"},"content":{"rendered":"<p>Lo zainetto nero conquista per il fatto di poter essere riposto in tutta praticit\u00e0 nel trolley e per il comfort elevato anche sulle lunghe distanze. Grazie alla laminazione in poliestere (rivestimento in poliuretano espanso), il materiale idrorepellente ha una finitura opaca e protegge il contenuto dall&#8217;umidit\u00e0 indesiderata in presenza di vento e di condizioni atmosferiche avverse. Oltre allo scomparto principale con chiusura lampo a due vie, lo zainetto offre anche vari scomparti interni come lo scomparto per il laptop, gli scomparti chiusi o i portapenne per garantire l&#8217;organizzazione ottimale di tutti gli oggetti trasportati. Lo schienale con trapuntino imbottito per sedile auto e gli spallacci imbottiti regolabili con motivo decorativo raffigurante un alloro jaquard sono simbolo di comfort ideale e di perfetta regolabilit\u00e0 cos\u00ec come la cinghia di trasporto aggiuntiva. I piccoli oggetti di cui non si pu\u00f2 fare a meno trovano posto in un&#8217;altra tasca con chiusura lampo sul davanti, in modo da poter essere sempre disponibili rapidamente. Una nobile stella Mercedes impressa sul davanti completa armoniosamente il design dello zaino. Una graziosa goffratura con la Stella Mercedes sul davanti ingentilisce il design dello zainetto con armonia.<\/p>\n","protected":false},"excerpt":{"rendered":"<p><strong>Colore:<\/strong> nero<br \/>\n<strong>Materiale:<\/strong> poliuretano espanso\/poliestere.<br \/>\n<strong>Dimensioni:<\/strong> ca. 30 x 13 x 43 cm<br \/>\nIdrorepellente<br \/>\nSchienale imbottito<br \/>\nFunzione di inserimento nel trolley<\/p>\n","protected":false},"featured_media":1234703,"comment_status":"open","ping_status":"closed","template":"","meta":[],"product_cat":[77],"product_tag":[],"yoast_head":"<!-- This site is optimized with the Yoast SEO plugin v20.8 - https:\/\/yoast.com\/wordpress\/plugins\/seo\/ -->\n<title>Zaino ecopelle uomo - Rossi Shop<\/title>\n<meta name=\"robots\" content=\"index, follow, max-snippet:-1, max-image-preview:large, max-video-preview:-1\" \/>\n<link rel=\"canonical\" href=\"https:\/\/www.rossispa.it\/shop\/prodotto\/zaino-ecopelle-uomo\/\" \/>\n<meta property=\"og:locale\" content=\"it_IT\" \/>\n<meta property=\"og:type\" content=\"article\" \/>\n<meta property=\"og:title\" content=\"Zaino ecopelle uomo - Rossi Shop\" \/>\n<meta property=\"og:description\" content=\"Colore: nero Materiale: poliuretano espanso\/poliestere. Dimensioni: ca. 30 x 13 x 43 cm Idrorepellente Schienale imbottito Funzione di inserimento nel trolley\" \/>\n<meta property=\"og:url\" content=\"https:\/\/www.rossispa.it\/shop\/prodotto\/zaino-ecopelle-uomo\/\" \/>\n<meta property=\"og:site_name\" content=\"Rossi Shop\" \/>\n<meta property=\"article:modified_time\" content=\"2024-02-15T08:34:12+00:00\" \/>\n<meta property=\"og:image\" content=\"https:\/\/www.rossispa.it\/shop\/wp-content\/uploads\/2024\/01\/zaino.jpg\" \/>\n\t<meta property=\"og:image:width\" content=\"800\" \/>\n\t<meta property=\"og:image:height\" content=\"800\" \/>\n\t<meta property=\"og:image:type\" content=\"image\/jpeg\" \/>\n<meta name=\"twitter:card\" content=\"summary_large_image\" \/>\n<meta name=\"twitter:label1\" content=\"Tempo di lettura stimato\" \/>\n\t<meta name=\"twitter:data1\" content=\"1 minuto\" \/>\n<script type=\"application\/ld+json\" class=\"yoast-schema-graph\">{\"@context\":\"https:\/\/schema.org\",\"@graph\":[{\"@type\":\"WebPage\",\"@id\":\"https:\/\/www.rossispa.it\/shop\/prodotto\/zaino-ecopelle-uomo\/\",\"url\":\"https:\/\/www.rossispa.it\/shop\/prodotto\/zaino-ecopelle-uomo\/\",\"name\":\"Zaino ecopelle uomo - Rossi Shop\",\"isPartOf\":{\"@id\":\"https:\/\/www.rossispa.it\/shop\/#website\"},\"datePublished\":\"2024-01-25T08:53:29+00:00\",\"dateModified\":\"2024-02-15T08:34:12+00:00\",\"breadcrumb\":{\"@id\":\"https:\/\/www.rossispa.it\/shop\/prodotto\/zaino-ecopelle-uomo\/#breadcrumb\"},\"inLanguage\":\"it-IT\",\"potentialAction\":[{\"@type\":\"ReadAction\",\"target\":[\"https:\/\/www.rossispa.it\/shop\/prodotto\/zaino-ecopelle-uomo\/\"]}]},{\"@type\":\"BreadcrumbList\",\"@id\":\"https:\/\/www.rossispa.it\/shop\/prodotto\/zaino-ecopelle-uomo\/#breadcrumb\",\"itemListElement\":[{\"@type\":\"ListItem\",\"position\":1,\"name\":\"Home\",\"item\":\"https:\/\/www.rossispa.it\/shop\/\"},{\"@type\":\"ListItem\",\"position\":2,\"name\":\"Shop\",\"item\":\"https:\/\/www.rossispa.it\/shop\/shop\/\"},{\"@type\":\"ListItem\",\"position\":3,\"name\":\"Zaino ecopelle uomo\"}]},{\"@type\":\"WebSite\",\"@id\":\"https:\/\/www.rossispa.it\/shop\/#website\",\"url\":\"https:\/\/www.rossispa.it\/shop\/\",\"name\":\"Rossi Shop\",\"description\":\"Shop | AMG \",\"potentialAction\":[{\"@type\":\"SearchAction\",\"target\":{\"@type\":\"EntryPoint\",\"urlTemplate\":\"https:\/\/www.rossispa.it\/shop\/?s={search_term_string}\"},\"query-input\":\"required name=search_term_string\"}],\"inLanguage\":\"it-IT\"}]}<\/script>\n<!-- \/ Yoast SEO plugin. -->","yoast_head_json":{"title":"Zaino ecopelle uomo - Rossi Shop","robots":{"index":"index","follow":"follow","max-snippet":"max-snippet:-1","max-image-preview":"max-image-preview:large","max-video-preview":"max-video-preview:-1"},"canonical":"https:\/\/www.rossispa.it\/shop\/prodotto\/zaino-ecopelle-uomo\/","og_locale":"it_IT","og_type":"article","og_title":"Zaino ecopelle uomo - Rossi Shop","og_description":"Colore: nero Materiale: poliuretano espanso\/poliestere. Dimensioni: ca. 30 x 13 x 43 cm Idrorepellente Schienale imbottito Funzione di inserimento nel trolley","og_url":"https:\/\/www.rossispa.it\/shop\/prodotto\/zaino-ecopelle-uomo\/","og_site_name":"Rossi Shop","article_modified_time":"2024-02-15T08:34:12+00:00","og_image":[{"width":800,"height":800,"url":"https:\/\/www.rossispa.it\/shop\/wp-content\/uploads\/2024\/01\/zaino.jpg","type":"image\/jpeg"}],"twitter_card":"summary_large_image","twitter_misc":{"Tempo di lettura stimato":"1 minuto"},"schema":{"@context":"https:\/\/schema.org","@graph":[{"@type":"WebPage","@id":"https:\/\/www.rossispa.it\/shop\/prodotto\/zaino-ecopelle-uomo\/","url":"https:\/\/www.rossispa.it\/shop\/prodotto\/zaino-ecopelle-uomo\/","name":"Zaino ecopelle uomo - Rossi Shop","isPartOf":{"@id":"https:\/\/www.rossispa.it\/shop\/#website"},"datePublished":"2024-01-25T08:53:29+00:00","dateModified":"2024-02-15T08:34:12+00:00","breadcrumb":{"@id":"https:\/\/www.rossispa.it\/shop\/prodotto\/zaino-ecopelle-uomo\/#breadcrumb"},"inLanguage":"it-IT","potentialAction":[{"@type":"ReadAction","target":["https:\/\/www.rossispa.it\/shop\/prodotto\/zaino-ecopelle-uomo\/"]}]},{"@type":"BreadcrumbList","@id":"https:\/\/www.rossispa.it\/shop\/prodotto\/zaino-ecopelle-uomo\/#breadcrumb","itemListElement":[{"@type":"ListItem","position":1,"name":"Home","item":"https:\/\/www.rossispa.it\/shop\/"},{"@type":"ListItem","position":2,"name":"Shop","item":"https:\/\/www.rossispa.it\/shop\/shop\/"},{"@type":"ListItem","position":3,"name":"Zaino ecopelle uomo"}]},{"@type":"WebSite","@id":"https:\/\/www.rossispa.it\/shop\/#website","url":"https:\/\/www.rossispa.it\/shop\/","name":"Rossi Shop","description":"Shop | AMG ","potentialAction":[{"@type":"SearchAction","target":{"@type":"EntryPoint","urlTemplate":"https:\/\/www.rossispa.it\/shop\/?s={search_term_string}"},"query-input":"required name=search_term_string"}],"inLanguage":"it-IT"}]}},"_links":{"self":[{"href":"https:\/\/www.rossispa.it\/shop\/wp-json\/wp\/v2\/product\/1234700"}],"collection":[{"href":"https:\/\/www.rossispa.it\/shop\/wp-json\/wp\/v2\/product"}],"about":[{"href":"https:\/\/www.rossispa.it\/shop\/wp-json\/wp\/v2\/types\/product"}],"replies":[{"embeddable":true,"href":"https:\/\/www.rossispa.it\/shop\/wp-json\/wp\/v2\/comments?post=1234700"}],"wp:featuredmedia":[{"embeddable":true,"href":"https:\/\/www.rossispa.it\/shop\/wp-json\/wp\/v2\/media\/1234703"}],"wp:attachment":[{"href":"https:\/\/www.rossispa.it\/shop\/wp-json\/wp\/v2\/media?parent=1234700"}],"wp:term":[{"taxonomy":"product_cat","embeddable":true,"href":"https:\/\/www.rossispa.it\/shop\/wp-json\/wp\/v2\/product_cat?post=1234700"},{"taxonomy":"product_tag","embeddable":true,"href":"https:\/\/www.rossispa.it\/shop\/wp-json\/wp\/v2\/product_tag?post=1234700"}],"curies":[{"name":"wp","href":"https:\/\/api.w.org\/{rel}","templated":true}]}}