{"id":1234978,"date":"2025-12-10T11:54:30","date_gmt":"2025-12-10T10:54:30","guid":{"rendered":"https:\/\/www.rossispa.it\/shop\/?post_type=product&#038;p=1234978"},"modified":"2025-12-10T12:11:19","modified_gmt":"2025-12-10T11:11:19","slug":"portachiavi-amg","status":"publish","type":"product","link":"https:\/\/www.rossispa.it\/shop\/prodotto\/portachiavi-amg\/","title":{"rendered":"Portachiavi AMG"},"content":{"rendered":"<p>Chiave per la porta di casa, chiave per l&#8217;ufficio, chiave per l&#8217;auto: nel portachiavi AMG trova posto tutto ci\u00f2 che \u00e8 importante. Il rimorchio, il cui corpo di base nero \u00e8 realizzato in materiale da pneumatici e presenta un motivo a rombi e un logo AMG bianco, \u00e8 dotato di un grande anello fendinebbia con laseratura Mercedes-AMG. Inoltre, l&#8217;accessorio \u00e8 dotato di tre mini anelli di spaccatura supplementari, che consentono di applicare e togliere facilmente le singole chiavi.<\/p>\n","protected":false},"excerpt":{"rendered":"<p>&#8211; Colore: nero\/bianco<br \/>\n&#8211; Materiale: materiale sintetico\/acciaio inossidabile<br \/>\n&#8211; Lunghezza: ca. 14 cm<br \/>\n&#8211; Anello di spaccatura grande<br \/>\n&#8211; Tre mini anelli di spaccatura supplementari<\/p>\n","protected":false},"featured_media":1234976,"comment_status":"open","ping_status":"closed","template":"","meta":[],"product_cat":[87],"product_tag":[],"yoast_head":"<!-- This site is optimized with the Yoast SEO plugin v20.8 - https:\/\/yoast.com\/wordpress\/plugins\/seo\/ -->\n<title>Portachiavi AMG - Rossi Shop<\/title>\n<meta name=\"robots\" content=\"index, follow, max-snippet:-1, max-image-preview:large, max-video-preview:-1\" \/>\n<link rel=\"canonical\" href=\"https:\/\/www.rossispa.it\/shop\/prodotto\/portachiavi-amg\/\" \/>\n<meta property=\"og:locale\" content=\"it_IT\" \/>\n<meta property=\"og:type\" content=\"article\" \/>\n<meta property=\"og:title\" content=\"Portachiavi AMG - Rossi Shop\" \/>\n<meta property=\"og:description\" content=\"- Colore: nero\/bianco - Materiale: materiale sintetico\/acciaio inossidabile - Lunghezza: ca. 14 cm - Anello di spaccatura grande - Tre mini anelli di spaccatura supplementari\" \/>\n<meta property=\"og:url\" content=\"https:\/\/www.rossispa.it\/shop\/prodotto\/portachiavi-amg\/\" \/>\n<meta property=\"og:site_name\" content=\"Rossi Shop\" \/>\n<meta property=\"article:modified_time\" content=\"2025-12-10T11:11:19+00:00\" \/>\n<meta property=\"og:image\" content=\"https:\/\/www.rossispa.it\/shop\/wp-content\/uploads\/2025\/12\/Immagine-2025-12-10-101912.jpg\" \/>\n\t<meta property=\"og:image:width\" content=\"800\" \/>\n\t<meta property=\"og:image:height\" content=\"800\" \/>\n\t<meta property=\"og:image:type\" content=\"image\/jpeg\" \/>\n<meta name=\"twitter:card\" content=\"summary_large_image\" \/>\n<script type=\"application\/ld+json\" class=\"yoast-schema-graph\">{\"@context\":\"https:\/\/schema.org\",\"@graph\":[{\"@type\":\"WebPage\",\"@id\":\"https:\/\/www.rossispa.it\/shop\/prodotto\/portachiavi-amg\/\",\"url\":\"https:\/\/www.rossispa.it\/shop\/prodotto\/portachiavi-amg\/\",\"name\":\"Portachiavi AMG - Rossi Shop\",\"isPartOf\":{\"@id\":\"https:\/\/www.rossispa.it\/shop\/#website\"},\"datePublished\":\"2025-12-10T10:54:30+00:00\",\"dateModified\":\"2025-12-10T11:11:19+00:00\",\"breadcrumb\":{\"@id\":\"https:\/\/www.rossispa.it\/shop\/prodotto\/portachiavi-amg\/#breadcrumb\"},\"inLanguage\":\"it-IT\",\"potentialAction\":[{\"@type\":\"ReadAction\",\"target\":[\"https:\/\/www.rossispa.it\/shop\/prodotto\/portachiavi-amg\/\"]}]},{\"@type\":\"BreadcrumbList\",\"@id\":\"https:\/\/www.rossispa.it\/shop\/prodotto\/portachiavi-amg\/#breadcrumb\",\"itemListElement\":[{\"@type\":\"ListItem\",\"position\":1,\"name\":\"Home\",\"item\":\"https:\/\/www.rossispa.it\/shop\/\"},{\"@type\":\"ListItem\",\"position\":2,\"name\":\"Shop\",\"item\":\"https:\/\/www.rossispa.it\/shop\/shop\/\"},{\"@type\":\"ListItem\",\"position\":3,\"name\":\"Portachiavi AMG\"}]},{\"@type\":\"WebSite\",\"@id\":\"https:\/\/www.rossispa.it\/shop\/#website\",\"url\":\"https:\/\/www.rossispa.it\/shop\/\",\"name\":\"Rossi Shop\",\"description\":\"Shop | AMG \",\"potentialAction\":[{\"@type\":\"SearchAction\",\"target\":{\"@type\":\"EntryPoint\",\"urlTemplate\":\"https:\/\/www.rossispa.it\/shop\/?s={search_term_string}\"},\"query-input\":\"required name=search_term_string\"}],\"inLanguage\":\"it-IT\"}]}<\/script>\n<!-- \/ Yoast SEO plugin. -->","yoast_head_json":{"title":"Portachiavi AMG - Rossi Shop","robots":{"index":"index","follow":"follow","max-snippet":"max-snippet:-1","max-image-preview":"max-image-preview:large","max-video-preview":"max-video-preview:-1"},"canonical":"https:\/\/www.rossispa.it\/shop\/prodotto\/portachiavi-amg\/","og_locale":"it_IT","og_type":"article","og_title":"Portachiavi AMG - Rossi Shop","og_description":"- Colore: nero\/bianco - Materiale: materiale sintetico\/acciaio inossidabile - Lunghezza: ca. 14 cm - Anello di spaccatura grande - Tre mini anelli di spaccatura supplementari","og_url":"https:\/\/www.rossispa.it\/shop\/prodotto\/portachiavi-amg\/","og_site_name":"Rossi Shop","article_modified_time":"2025-12-10T11:11:19+00:00","og_image":[{"width":800,"height":800,"url":"https:\/\/www.rossispa.it\/shop\/wp-content\/uploads\/2025\/12\/Immagine-2025-12-10-101912.jpg","type":"image\/jpeg"}],"twitter_card":"summary_large_image","schema":{"@context":"https:\/\/schema.org","@graph":[{"@type":"WebPage","@id":"https:\/\/www.rossispa.it\/shop\/prodotto\/portachiavi-amg\/","url":"https:\/\/www.rossispa.it\/shop\/prodotto\/portachiavi-amg\/","name":"Portachiavi AMG - Rossi Shop","isPartOf":{"@id":"https:\/\/www.rossispa.it\/shop\/#website"},"datePublished":"2025-12-10T10:54:30+00:00","dateModified":"2025-12-10T11:11:19+00:00","breadcrumb":{"@id":"https:\/\/www.rossispa.it\/shop\/prodotto\/portachiavi-amg\/#breadcrumb"},"inLanguage":"it-IT","potentialAction":[{"@type":"ReadAction","target":["https:\/\/www.rossispa.it\/shop\/prodotto\/portachiavi-amg\/"]}]},{"@type":"BreadcrumbList","@id":"https:\/\/www.rossispa.it\/shop\/prodotto\/portachiavi-amg\/#breadcrumb","itemListElement":[{"@type":"ListItem","position":1,"name":"Home","item":"https:\/\/www.rossispa.it\/shop\/"},{"@type":"ListItem","position":2,"name":"Shop","item":"https:\/\/www.rossispa.it\/shop\/shop\/"},{"@type":"ListItem","position":3,"name":"Portachiavi AMG"}]},{"@type":"WebSite","@id":"https:\/\/www.rossispa.it\/shop\/#website","url":"https:\/\/www.rossispa.it\/shop\/","name":"Rossi Shop","description":"Shop | AMG ","potentialAction":[{"@type":"SearchAction","target":{"@type":"EntryPoint","urlTemplate":"https:\/\/www.rossispa.it\/shop\/?s={search_term_string}"},"query-input":"required name=search_term_string"}],"inLanguage":"it-IT"}]}},"_links":{"self":[{"href":"https:\/\/www.rossispa.it\/shop\/wp-json\/wp\/v2\/product\/1234978"}],"collection":[{"href":"https:\/\/www.rossispa.it\/shop\/wp-json\/wp\/v2\/product"}],"about":[{"href":"https:\/\/www.rossispa.it\/shop\/wp-json\/wp\/v2\/types\/product"}],"replies":[{"embeddable":true,"href":"https:\/\/www.rossispa.it\/shop\/wp-json\/wp\/v2\/comments?post=1234978"}],"wp:featuredmedia":[{"embeddable":true,"href":"https:\/\/www.rossispa.it\/shop\/wp-json\/wp\/v2\/media\/1234976"}],"wp:attachment":[{"href":"https:\/\/www.rossispa.it\/shop\/wp-json\/wp\/v2\/media?parent=1234978"}],"wp:term":[{"taxonomy":"product_cat","embeddable":true,"href":"https:\/\/www.rossispa.it\/shop\/wp-json\/wp\/v2\/product_cat?post=1234978"},{"taxonomy":"product_tag","embeddable":true,"href":"https:\/\/www.rossispa.it\/shop\/wp-json\/wp\/v2\/product_tag?post=1234978"}],"curies":[{"name":"wp","href":"https:\/\/api.w.org\/{rel}","templated":true}]}}